{"id":882,"date":"2024-05-08T17:48:16","date_gmt":"2024-05-08T20:48:16","guid":{"rendered":"https:\/\/bicentenariosangregorio.cl\/wp\/?page_id=882"},"modified":"2024-05-08T17:50:43","modified_gmt":"2024-05-08T20:50:43","slug":"estudiantes-del-tecnico-profesional-asesoran-a-la-comunidad-en-operacion-renta-a-t-2024","status":"publish","type":"page","link":"https:\/\/bicentenariosangregorio.cl\/wp\/estudiantes-del-tecnico-profesional-asesoran-a-la-comunidad-en-operacion-renta-a-t-2024\/","title":{"rendered":"Estudiantes del T\u00e9cnico Profesional asesoran a la comunidad en Operaci\u00f3n Renta A.T 2024"},"content":{"rendered":"<p>Durante el mes de abril se desarroll\u00f3 la asesor\u00eda t\u00e9cnica de nuestros estudiantes del T\u00e9cnico Profesional a nuestra comunidad en la Operaci\u00f3n Renta A.T.2024.<\/p>\n<p>Esta actividad es totalmente gratuita y cuenta con la colaboraci\u00f3n de nuestros estudiantes del \u00c1rea T\u00e9cnico Profesional, funcionarios del SII de San Carlos y estudiantes de Contador P\u00fablico Auditor de la Universidad del B\u00edo-B\u00edo.<\/p>\n<p>Invitamos a la comunidad a asistir en las pr\u00f3ximas fechas agendadas y aprovechar esta oportunidad.<\/p>\n<p>#bicentenariosomostodasytodos}<\/p>\n<p>#SlepPunillaCordillera<\/p>\n","protected":false},"excerpt":{"rendered":"<p>Durante el mes de abril se desarroll\u00f3 la asesor\u00eda t\u00e9cnica de nuestros estudiantes del T\u00e9cnico Profesional a nuestra comunidad en la Operaci\u00f3n Renta A.T.2024. Esta actividad es totalmente gratuita y cuenta con la colaboraci\u00f3n de nuestros estudiantes del \u00c1rea T\u00e9cnico <a href=\"https:\/\/bicentenariosangregorio.cl\/wp\/estudiantes-del-tecnico-profesional-asesoran-a-la-comunidad-en-operacion-renta-a-t-2024\/\" class=\"read-more\">Leer m\u00e1s&#8230;<\/a><\/p>\n","protected":false},"author":1,"featured_media":842,"parent":0,"menu_order":0,"comment_status":"closed","ping_status":"closed","template":"","meta":[],"_links":{"self":[{"href":"https:\/\/bicentenariosangregorio.cl\/wp\/wp-json\/wp\/v2\/pages\/882"}],"collection":[{"href":"https:\/\/bicentenariosangregorio.cl\/wp\/wp-json\/wp\/v2\/pages"}],"about":[{"href":"https:\/\/bicentenariosangregorio.cl\/wp\/wp-json\/wp\/v2\/types\/page"}],"author":[{"embeddable":true,"href":"https:\/\/bicentenariosangregorio.cl\/wp\/wp-json\/wp\/v2\/users\/1"}],"replies":[{"embeddable":true,"href":"https:\/\/bicentenariosangregorio.cl\/wp\/wp-json\/wp\/v2\/comments?post=882"}],"version-history":[{"count":2,"href":"https:\/\/bicentenariosangregorio.cl\/wp\/wp-json\/wp\/v2\/pages\/882\/revisions"}],"predecessor-version":[{"id":884,"href":"https:\/\/bicentenariosangregorio.cl\/wp\/wp-json\/wp\/v2\/pages\/882\/revisions\/884"}],"wp:featuredmedia":[{"embeddable":true,"href":"https:\/\/bicentenariosangregorio.cl\/wp\/wp-json\/wp\/v2\/media\/842"}],"wp:attachment":[{"href":"https:\/\/bicentenariosangregorio.cl\/wp\/wp-json\/wp\/v2\/media?parent=882"}],"curies":[{"name":"wp","href":"https:\/\/api.w.org\/{rel}","templated":true}]}}