{"id":87,"date":"2022-08-02T18:10:11","date_gmt":"2022-08-02T21:10:11","guid":{"rendered":"http:\/\/bicentenariosangregorio.cl\/wp\/?page_id=87"},"modified":"2022-08-04T13:31:31","modified_gmt":"2022-08-04T16:31:31","slug":"consejo-escolar","status":"publish","type":"page","link":"https:\/\/bicentenariosangregorio.cl\/wp\/consejo-escolar\/","title":{"rendered":"Consejo Escolar"},"content":{"rendered":"<p>El Consejo Escolar, es la instancia en la cual se re\u00fanen y participan padres, madres y apoderados, estudiantes, docentes, asistentes de la educaci\u00f3n, director y representante del sostenedor.<\/p>\n<p>En nuestro establecimiento el consejo escolar tiene la caracter\u00edstica de ser informativo, consultivo y propositivo.<\/p>\n<p>Nuestro Consejo Escolar lo conforman:<\/p>\n<ul>\n<li>Director.<\/li>\n<li>Representante del Sostenedor.<\/li>\n<li>Representante de los profesores.<\/li>\n<li>Representante de los asistentes de la educaci\u00f3n.<\/li>\n<li>Presidente del Centro de Padres y Apoderados.<\/li>\n<li>Presidente del Centro de Estudiantes.<\/li>\n<\/ul>\n","protected":false},"excerpt":{"rendered":"<p>El Consejo Escolar, es la instancia en la cual se re\u00fanen y participan padres, madres y apoderados, estudiantes, docentes, asistentes de la educaci\u00f3n, director y representante del sostenedor. En nuestro establecimiento el consejo escolar tiene la caracter\u00edstica de ser informativo, <a href=\"https:\/\/bicentenariosangregorio.cl\/wp\/consejo-escolar\/\" class=\"read-more\">Leer m\u00e1s&#8230;<\/a><\/p>\n","protected":false},"author":1,"featured_media":0,"parent":0,"menu_order":0,"comment_status":"closed","ping_status":"closed","template":"","meta":[],"_links":{"self":[{"href":"https:\/\/bicentenariosangregorio.cl\/wp\/wp-json\/wp\/v2\/pages\/87"}],"collection":[{"href":"https:\/\/bicentenariosangregorio.cl\/wp\/wp-json\/wp\/v2\/pages"}],"about":[{"href":"https:\/\/bicentenariosangregorio.cl\/wp\/wp-json\/wp\/v2\/types\/page"}],"author":[{"embeddable":true,"href":"https:\/\/bicentenariosangregorio.cl\/wp\/wp-json\/wp\/v2\/users\/1"}],"replies":[{"embeddable":true,"href":"https:\/\/bicentenariosangregorio.cl\/wp\/wp-json\/wp\/v2\/comments?post=87"}],"version-history":[{"count":2,"href":"https:\/\/bicentenariosangregorio.cl\/wp\/wp-json\/wp\/v2\/pages\/87\/revisions"}],"predecessor-version":[{"id":200,"href":"https:\/\/bicentenariosangregorio.cl\/wp\/wp-json\/wp\/v2\/pages\/87\/revisions\/200"}],"wp:attachment":[{"href":"https:\/\/bicentenariosangregorio.cl\/wp\/wp-json\/wp\/v2\/media?parent=87"}],"curies":[{"name":"wp","href":"https:\/\/api.w.org\/{rel}","templated":true}]}}