{"id":81,"date":"2022-08-02T18:08:25","date_gmt":"2022-08-02T21:08:25","guid":{"rendered":"http:\/\/bicentenariosangregorio.cl\/wp\/?page_id=81"},"modified":"2022-08-04T23:37:56","modified_gmt":"2022-08-05T02:37:56","slug":"ensenanza-media-tecnico-profesional","status":"publish","type":"page","link":"https:\/\/bicentenariosangregorio.cl\/wp\/ensenanza-media-tecnico-profesional\/","title":{"rendered":"Ense\u00f1anza Media T\u00e9cnico Profesional"},"content":{"rendered":"<p><strong>CARRERA:\u00a0 Administraci\u00f3n de empresas menci\u00f3n Recursos Humanos<\/strong><\/p>\n<p>Constituye un primer paso concreto para adquirir herramientas de desarrollo vocacional que preparen al estudiante para una vida de trabajo y continuaci\u00f3n de estudios superiores.<\/p>\n<p>La carrera cuenta con sala de simulaci\u00f3n, convenio con el SII y\u00a0 convenio con el Instituto de la U. Cat\u00f3lica Sant\u00edsima Concepci\u00f3n , potenciando el ingreso efectivo a la educaci\u00f3n superior.<\/p>\n<p><strong>Carreras compatibles con esta Ense\u00f1anza:<\/strong><\/p>\n<p>Ingenier\u00eda en: Administraci\u00f3n, Marketing, Recursos Humanos, Finanzas, Comercial, Industrial, Comercio Exterior, Contador Auditor, Contador general, Aduana, Derecho, entre otras<\/p>\n","protected":false},"excerpt":{"rendered":"<p>CARRERA:\u00a0 Administraci\u00f3n de empresas menci\u00f3n Recursos Humanos Constituye un primer paso concreto para adquirir herramientas de desarrollo vocacional que preparen al estudiante para una vida de trabajo y continuaci\u00f3n de estudios superiores. La carrera cuenta con sala de simulaci\u00f3n, convenio <a href=\"https:\/\/bicentenariosangregorio.cl\/wp\/ensenanza-media-tecnico-profesional\/\" class=\"read-more\">Leer m\u00e1s&#8230;<\/a><\/p>\n","protected":false},"author":1,"featured_media":149,"parent":0,"menu_order":0,"comment_status":"closed","ping_status":"closed","template":"","meta":[],"_links":{"self":[{"href":"https:\/\/bicentenariosangregorio.cl\/wp\/wp-json\/wp\/v2\/pages\/81"}],"collection":[{"href":"https:\/\/bicentenariosangregorio.cl\/wp\/wp-json\/wp\/v2\/pages"}],"about":[{"href":"https:\/\/bicentenariosangregorio.cl\/wp\/wp-json\/wp\/v2\/types\/page"}],"author":[{"embeddable":true,"href":"https:\/\/bicentenariosangregorio.cl\/wp\/wp-json\/wp\/v2\/users\/1"}],"replies":[{"embeddable":true,"href":"https:\/\/bicentenariosangregorio.cl\/wp\/wp-json\/wp\/v2\/comments?post=81"}],"version-history":[{"count":2,"href":"https:\/\/bicentenariosangregorio.cl\/wp\/wp-json\/wp\/v2\/pages\/81\/revisions"}],"predecessor-version":[{"id":222,"href":"https:\/\/bicentenariosangregorio.cl\/wp\/wp-json\/wp\/v2\/pages\/81\/revisions\/222"}],"wp:featuredmedia":[{"embeddable":true,"href":"https:\/\/bicentenariosangregorio.cl\/wp\/wp-json\/wp\/v2\/media\/149"}],"wp:attachment":[{"href":"https:\/\/bicentenariosangregorio.cl\/wp\/wp-json\/wp\/v2\/media?parent=81"}],"curies":[{"name":"wp","href":"https:\/\/api.w.org\/{rel}","templated":true}]}}