{"id":71,"date":"2022-08-02T17:56:36","date_gmt":"2022-08-02T20:56:36","guid":{"rendered":"http:\/\/bicentenariosangregorio.cl\/wp\/?page_id=71"},"modified":"2022-08-04T23:36:15","modified_gmt":"2022-08-05T02:36:15","slug":"educacion-parvularia","status":"publish","type":"page","link":"https:\/\/bicentenariosangregorio.cl\/wp\/educacion-parvularia\/","title":{"rendered":"Educaci\u00f3n Parvularia"},"content":{"rendered":"<p>La Educaci\u00f3n Parvularia constituye el primer nivel educativo, y busca favorecer en los ni\u00f1os y ni\u00f1as aprendizajes pertinentes a sus caracter\u00edsticas, necesidades e inter\u00e9s, buscando que \u00e9stos se planteen en forma oportuna fortaleciendo sus potencialidades, para garantizar su desarrollo integral. en un ambiente afectivo, que apunte a la calidad y pertinencia pedag\u00f3gica, propiciando el desarrollo integral de los ni\u00f1os y ni\u00f1as en funci\u00f3n de su bienestar en estrecha relaci\u00f3n con la familia y donde cada ni\u00f1o y ni\u00f1a sean protagonista de sus aprendizajes<\/p>\n","protected":false},"excerpt":{"rendered":"<p>La Educaci\u00f3n Parvularia constituye el primer nivel educativo, y busca favorecer en los ni\u00f1os y ni\u00f1as aprendizajes pertinentes a sus caracter\u00edsticas, necesidades e inter\u00e9s, buscando que \u00e9stos se planteen en forma oportuna fortaleciendo sus potencialidades, para garantizar su desarrollo integral. <a href=\"https:\/\/bicentenariosangregorio.cl\/wp\/educacion-parvularia\/\" class=\"read-more\">Leer m\u00e1s&#8230;<\/a><\/p>\n","protected":false},"author":1,"featured_media":295,"parent":0,"menu_order":0,"comment_status":"closed","ping_status":"closed","template":"","meta":[],"_links":{"self":[{"href":"https:\/\/bicentenariosangregorio.cl\/wp\/wp-json\/wp\/v2\/pages\/71"}],"collection":[{"href":"https:\/\/bicentenariosangregorio.cl\/wp\/wp-json\/wp\/v2\/pages"}],"about":[{"href":"https:\/\/bicentenariosangregorio.cl\/wp\/wp-json\/wp\/v2\/types\/page"}],"author":[{"embeddable":true,"href":"https:\/\/bicentenariosangregorio.cl\/wp\/wp-json\/wp\/v2\/users\/1"}],"replies":[{"embeddable":true,"href":"https:\/\/bicentenariosangregorio.cl\/wp\/wp-json\/wp\/v2\/comments?post=71"}],"version-history":[{"count":2,"href":"https:\/\/bicentenariosangregorio.cl\/wp\/wp-json\/wp\/v2\/pages\/71\/revisions"}],"predecessor-version":[{"id":218,"href":"https:\/\/bicentenariosangregorio.cl\/wp\/wp-json\/wp\/v2\/pages\/71\/revisions\/218"}],"wp:featuredmedia":[{"embeddable":true,"href":"https:\/\/bicentenariosangregorio.cl\/wp\/wp-json\/wp\/v2\/media\/295"}],"wp:attachment":[{"href":"https:\/\/bicentenariosangregorio.cl\/wp\/wp-json\/wp\/v2\/media?parent=71"}],"curies":[{"name":"wp","href":"https:\/\/api.w.org\/{rel}","templated":true}]}}