{"id":201,"date":"2022-08-04T13:32:16","date_gmt":"2022-08-04T16:32:16","guid":{"rendered":"http:\/\/bicentenariosangregorio.cl\/wp\/?page_id=201"},"modified":"2024-05-14T16:16:30","modified_gmt":"2024-05-14T19:16:30","slug":"equipo-directivo","status":"publish","type":"page","link":"https:\/\/bicentenariosangregorio.cl\/wp\/equipo-directivo\/","title":{"rendered":"Equipo Directivo"},"content":{"rendered":"<p>El equipo directivo, es un grupo de profesionales promotores de una cultura organizacional basada en la colaboraci\u00f3n, la comunicaci\u00f3n, el compromiso y la institucionalizaci\u00f3n de las acciones.<\/p>\n<p>Desarrollan una cultura escolar que permita el desarrollo del sentido de pertenencia e identidad de parte de todos los miembros de la comunidad educativa; generando espacios de participaci\u00f3n que les permita informarse y asumir roles, funciones y responsabilidades en torno a la consecuci\u00f3n de metas y objetivos en com\u00fan.<\/p>\n<p><img decoding=\"async\" loading=\"lazy\" class=\"wp-image-697 aligncenter\" src=\"http:\/\/bicentenariosangregorio.cl\/wp\/wp-content\/uploads\/2024\/04\/Equipo-directivo-LBSG-247x300.png\" alt=\"\" width=\"748\" height=\"908\" srcset=\"http:\/\/www.bicentenariosangregorio.cl\/wp\/wp-content\/uploads\/2024\/04\/Equipo-directivo-LBSG-247x300.png 247w, http:\/\/www.bicentenariosangregorio.cl\/wp\/wp-content\/uploads\/2024\/04\/Equipo-directivo-LBSG-844x1024.png 844w, http:\/\/www.bicentenariosangregorio.cl\/wp\/wp-content\/uploads\/2024\/04\/Equipo-directivo-LBSG-768x932.png 768w, http:\/\/www.bicentenariosangregorio.cl\/wp\/wp-content\/uploads\/2024\/04\/Equipo-directivo-LBSG-223x270.png 223w, http:\/\/www.bicentenariosangregorio.cl\/wp\/wp-content\/uploads\/2024\/04\/Equipo-directivo-LBSG.png 981w\" sizes=\"(max-width: 748px) 100vw, 748px\" \/><\/p>\n","protected":false},"excerpt":{"rendered":"<p>El equipo directivo, es un grupo de profesionales promotores de una cultura organizacional basada en la colaboraci\u00f3n, la comunicaci\u00f3n, el compromiso y la institucionalizaci\u00f3n de las acciones. Desarrollan una cultura escolar que permita el desarrollo del sentido de pertenencia e <a href=\"https:\/\/bicentenariosangregorio.cl\/wp\/equipo-directivo\/\" class=\"read-more\">Leer m\u00e1s&#8230;<\/a><\/p>\n","protected":false},"author":1,"featured_media":0,"parent":0,"menu_order":0,"comment_status":"closed","ping_status":"closed","template":"","meta":[],"_links":{"self":[{"href":"https:\/\/bicentenariosangregorio.cl\/wp\/wp-json\/wp\/v2\/pages\/201"}],"collection":[{"href":"https:\/\/bicentenariosangregorio.cl\/wp\/wp-json\/wp\/v2\/pages"}],"about":[{"href":"https:\/\/bicentenariosangregorio.cl\/wp\/wp-json\/wp\/v2\/types\/page"}],"author":[{"embeddable":true,"href":"https:\/\/bicentenariosangregorio.cl\/wp\/wp-json\/wp\/v2\/users\/1"}],"replies":[{"embeddable":true,"href":"https:\/\/bicentenariosangregorio.cl\/wp\/wp-json\/wp\/v2\/comments?post=201"}],"version-history":[{"count":17,"href":"https:\/\/bicentenariosangregorio.cl\/wp\/wp-json\/wp\/v2\/pages\/201\/revisions"}],"predecessor-version":[{"id":933,"href":"https:\/\/bicentenariosangregorio.cl\/wp\/wp-json\/wp\/v2\/pages\/201\/revisions\/933"}],"wp:attachment":[{"href":"https:\/\/bicentenariosangregorio.cl\/wp\/wp-json\/wp\/v2\/media?parent=201"}],"curies":[{"name":"wp","href":"https:\/\/api.w.org\/{rel}","templated":true}]}}